{"id":99,"date":"2025-09-16T16:24:50","date_gmt":"2025-09-16T16:24:50","guid":{"rendered":"http:\/\/educarnaval.com\/?page_id=99"},"modified":"2025-09-26T11:08:38","modified_gmt":"2025-09-26T11:08:38","slug":"contacto","status":"publish","type":"page","link":"https:\/\/educarnaval.com\/?page_id=99","title":{"rendered":"Contacto"},"content":{"rendered":"\n<!DOCTYPE html>\n<html lang=\"es\">\n<head>\n    <meta charset=\"UTF-8\">\n    <meta name=\"viewport\" content=\"width=device-width, initial-scale=1.0\">\n    <title>Contacto &#8211; Asociaci\u00f3n Cultural Educarnaval<\/title>\n    <style>\n        body {\n            font-family: Arial, sans-serif;\n            margin: 0;\n            padding: 0;\n            background-color: #f9f9f9;\n            color: #333;\n        }\n        .container {\n            max-width: 900px;\n            margin: 0 auto;\n            padding: 20px;\n        }\n        h1 {\n            text-align: center;\n            color: #ffcc00;\n        }\n        .contact-info, .contact-form, .map {\n            background: #fff;\n            padding: 20px;\n            margin-bottom: 20px;\n            border-radius: 10px;\n            box-shadow: 0 0 10px rgba(0,0,0,0.1);\n        }\n        .contact-info p {\n            margin: 5px 0;\n        }\n        form label {\n            display: block;\n            margin-top: 10px;\n            font-weight: bold;\n        }\n        form input, form textarea {\n            width: 100%;\n            padding: 8px;\n            margin-top: 5px;\n            border-radius: 5px;\n            border: 1px solid #ccc;\n        }\n        form button {\n            margin-top: 15px;\n            padding: 10px 20px;\n            background-color: #ffcc00;\n            border: none;\n            border-radius: 5px;\n            cursor: pointer;\n            font-weight: bold;\n        }\n        form button:hover {\n            background-color: #e6b800;\n        }\n        iframe {\n            width: 100%;\n            height: 400px;\n            border: 0;\n            border-radius: 10px;\n        }\n    <\/style>\n<\/head>\n<body>\n    <div class=\"container\">\n        <h1>Contacto<\/h1>\n\n        <div class=\"contact-info\">\n            <h2>Informaci\u00f3n de la Asociaci\u00f3n<\/h2>\n            <p><strong>Nombre:<\/strong> Asociaci\u00f3n Cultural Educarnaval<\/p>\n            <p><strong>CIF:<\/strong> G-56510159<\/p>\n            <p><strong>Direcci\u00f3n:<\/strong> Calle Candelaria, n\u00ba3, Santa Cruz de Tenerife<\/p>\n            <p><strong>Correo:<\/strong> <a href=\"mailto:info@educarnaval.com\">info@educarnaval.com<\/a><\/p>\n        <\/div>\n\n        <div class=\"contact-form\">\n            <h2>Env\u00edanos un mensaje<\/h2>\n            <form action=\"mailto:info@educarnaval.com\" method=\"post\" enctype=\"text\/plain\">\n                <label for=\"name\">Nombre:<\/label>\n                <input type=\"text\" id=\"name\" name=\"name\" required>\n\n                <label for=\"email\">Correo electr\u00f3nico:<\/label>\n                <input type=\"email\" id=\"email\" name=\"email\" required>\n\n                <label for=\"message\">Mensaje:<\/label>\n                <textarea id=\"message\" name=\"message\" rows=\"5\" required><\/textarea>\n\n                <button type=\"submit\">Enviar<\/button>\n            <\/form>\n        <\/div>\n\n        <div class=\"map\">\n            <h2>Ubicaci\u00f3n<\/h2>\n            <iframe \n                src=\"https:\/\/www.google.com\/maps?q=Calle+Candelaria+3,+Santa+Cruz+de+Tenerife&#038;output=embed\" \n                allowfullscreen>\n            <\/iframe>\n        <\/div>\n    <\/div>\n<\/body>\n<\/html>\n\n","protected":false},"excerpt":{"rendered":"<p>Contacto &#8211; Asociaci\u00f3n Cultural Educarnaval Contacto Informaci\u00f3n de la Asociaci\u00f3n Nombre: Asociaci\u00f3n Cultural Educarnaval CIF:&hellip;<\/p>\n","protected":false},"author":1,"featured_media":0,"parent":0,"menu_order":0,"comment_status":"closed","ping_status":"closed","template":"","meta":{"footnotes":""},"class_list":["post-99","page","type-page","status-publish","hentry"],"jetpack_sharing_enabled":true,"_links":{"self":[{"href":"https:\/\/educarnaval.com\/index.php?rest_route=\/wp\/v2\/pages\/99","targetHints":{"allow":["GET"]}}],"collection":[{"href":"https:\/\/educarnaval.com\/index.php?rest_route=\/wp\/v2\/pages"}],"about":[{"href":"https:\/\/educarnaval.com\/index.php?rest_route=\/wp\/v2\/types\/page"}],"author":[{"embeddable":true,"href":"https:\/\/educarnaval.com\/index.php?rest_route=\/wp\/v2\/users\/1"}],"replies":[{"embeddable":true,"href":"https:\/\/educarnaval.com\/index.php?rest_route=%2Fwp%2Fv2%2Fcomments&post=99"}],"version-history":[{"count":2,"href":"https:\/\/educarnaval.com\/index.php?rest_route=\/wp\/v2\/pages\/99\/revisions"}],"predecessor-version":[{"id":142,"href":"https:\/\/educarnaval.com\/index.php?rest_route=\/wp\/v2\/pages\/99\/revisions\/142"}],"wp:attachment":[{"href":"https:\/\/educarnaval.com\/index.php?rest_route=%2Fwp%2Fv2%2Fmedia&parent=99"}],"curies":[{"name":"wp","href":"https:\/\/api.w.org\/{rel}","templated":true}]}}