{"id":97,"date":"2025-09-16T16:24:50","date_gmt":"2025-09-16T16:24:50","guid":{"rendered":"http:\/\/educarnaval.com\/?page_id=97"},"modified":"2025-09-26T11:04:28","modified_gmt":"2025-09-26T11:04:28","slug":"proyectos","status":"publish","type":"page","link":"https:\/\/educarnaval.com\/?page_id=97","title":{"rendered":"Proyectos"},"content":{"rendered":"\n<h3 class=\"wp-block-heading\">Educarnaval: Acercando el Carnaval a las nuevas generaciones<\/h3>\n\n\n\n<p>Desde el curso 2023\/2024, y en colaboraci\u00f3n con la Concejal\u00eda de Juventud y Educaci\u00f3n del Ayuntamiento de Santa Cruz de Tenerife, venimos desarrollando <strong>Educarnaval<\/strong>, un proyecto educativo que tiene como objetivo acercar la riqueza del Carnaval a los m\u00e1s j\u00f3venes. Adem\u00e1s, desde el a\u00f1o 2022 trabajamos con la Consejer\u00eda de Educaci\u00f3n del Gobierno de Canarias dentro del \u00e1rea de <strong>patrimonio natural, social y cultural de Canarias<\/strong>, reforzando la dimensi\u00f3n cultural y educativa de esta iniciativa.<\/p>\n\n\n\n<p>El Carnaval constituye un pilar fundamental de la identidad cultural canaria, siendo una manifestaci\u00f3n profundamente vivida y celebrada por la sociedad. <strong>Educarnaval<\/strong> nace con la finalidad de introducir a los centros educativos en todas las facetas de esta festividad: desde los grupos y comparsas hasta los concursos y celebraciones en la calle. Su nombre, resultado de la fusi\u00f3n de <em>Educar<\/em> y <em>Carnaval<\/em>, refleja con claridad su prop\u00f3sito principal: ofrecer a los escolares una experiencia educativa integral que les permita conocer la historia y actualidad del Carnaval, y participar activamente en la construcci\u00f3n de su futuro cultural.<\/p>\n\n\n\n<p><\/p>\n","protected":false},"excerpt":{"rendered":"<p>Educarnaval: Acercando el Carnaval a las nuevas generaciones Desde el curso 2023\/2024, y en colaboraci\u00f3n&hellip;<\/p>\n","protected":false},"author":1,"featured_media":0,"parent":0,"menu_order":0,"comment_status":"closed","ping_status":"closed","template":"","meta":{"footnotes":""},"class_list":["post-97","page","type-page","status-publish","hentry"],"jetpack_sharing_enabled":true,"_links":{"self":[{"href":"https:\/\/educarnaval.com\/index.php?rest_route=\/wp\/v2\/pages\/97","targetHints":{"allow":["GET"]}}],"collection":[{"href":"https:\/\/educarnaval.com\/index.php?rest_route=\/wp\/v2\/pages"}],"about":[{"href":"https:\/\/educarnaval.com\/index.php?rest_route=\/wp\/v2\/types\/page"}],"author":[{"embeddable":true,"href":"https:\/\/educarnaval.com\/index.php?rest_route=\/wp\/v2\/users\/1"}],"replies":[{"embeddable":true,"href":"https:\/\/educarnaval.com\/index.php?rest_route=%2Fwp%2Fv2%2Fcomments&post=97"}],"version-history":[{"count":2,"href":"https:\/\/educarnaval.com\/index.php?rest_route=\/wp\/v2\/pages\/97\/revisions"}],"predecessor-version":[{"id":134,"href":"https:\/\/educarnaval.com\/index.php?rest_route=\/wp\/v2\/pages\/97\/revisions\/134"}],"wp:attachment":[{"href":"https:\/\/educarnaval.com\/index.php?rest_route=%2Fwp%2Fv2%2Fmedia&parent=97"}],"curies":[{"name":"wp","href":"https:\/\/api.w.org\/{rel}","templated":true}]}}